{"id":39,"date":"2023-01-16T13:14:25","date_gmt":"2023-01-16T13:14:25","guid":{"rendered":"https:\/\/spainluxuryholidays.com\/about-us\/"},"modified":"2024-03-25T10:23:06","modified_gmt":"2024-03-25T10:23:06","slug":"uber-uns","status":"publish","type":"page","link":"https:\/\/spainluxuryholidays.com\/de\/about-us\/","title":{"rendered":"\u00dcber uns"},"content":{"rendered":"<p>Es ist mir eine gro\u00dfe Freude, mitzuteilen, dass wir <strong>eines der am schnellsten wachsenden Unternehmen f\u00fcr Luxusreisen<\/strong> in Europa. Unsere Reise, angetrieben von Leidenschaft und Hingabe, war nichts weniger als bemerkenswert.<\/p>\n\n\n\n<figure class=\"wp-block-image size-large\"><img decoding=\"async\" src=\"https:\/\/spainluxuryholidays.com\/wp-content\/uploads\/spain-vacation-1024x687.webp\" alt=\"Blick auf das Meer von einer Anh\u00f6he aus. Pe\u00f1\u00edscola, Castell\u00f3n, Spanien. Sch\u00f6ne Aussicht auf das Meer und die Bucht.\" class=\"wp-image-917\"\/><figcaption class=\"wp-element-caption\">Schwelgen Sie in Spaniens zeitloser Eleganz und modernem Luxus<\/figcaption><\/figure>\n\n\n\n<p>Spanien, mit seinem <strong>reiche Vielfalt an Landschaften und Kulturen<\/strong>hat schon immer einen besonderen Platz in unserem Herzen gehabt. Jede Region, von den sonnenverw\u00f6hnten K\u00fcsten von <a href=\"https:\/\/spainluxuryholidays.com\/de\/reiseziele\/luxusurlaub-auf-ibiza\/\">Ibiza<\/a> zum historischen Charme von <a href=\"https:\/\/spainluxuryholidays.com\/de\/reiseziele\/luxusurlaub-barcelona\/\">Barcelona<\/a>bietet eine Vielzahl von Aktivit\u00e4ten und Erlebnissen. Ob es die Flamenco-Beats von Sevilla oder die ruhigen Str\u00e4nde von <a href=\"https:\/\/spainluxuryholidays.com\/de\/reiseziele\/luxusurlaub-auf-teneriffa\/\">Teneriffa<\/a>, <strong>Spanien verspricht ein Luxus-Erlebnis<\/strong> die vielf\u00e4ltig und unvergleichlich ist.<\/p>\n\n\n\n<p>Nachdem wir bereits in verschiedenen europ\u00e4ischen L\u00e4ndern pr\u00e4sent waren, war die Expansion nach Spanien eine nat\u00fcrliche Entwicklung. So konnten wir noch mehr Reisende mit dem <strong>Opulenz und Charme, die ein Luxusurlaub bietet<\/strong>die sich sowohl an Freizeitreisende als auch an Abenteuerlustige richten.<\/p>\n\n\n\n<figure class=\"wp-block-image size-large\"><img decoding=\"async\" src=\"https:\/\/spainluxuryholidays.com\/wp-content\/uploads\/slice-of-jamon-683x1024.webp\" alt=\"Scheibe Jamon Iberico\" class=\"wp-image-789\"\/><figcaption class=\"wp-element-caption\">Spanien ist ein Paradies f\u00fcr Feinschmecker<\/figcaption><\/figure>\n\n\n\n<h2 class=\"wp-block-heading\">Unser engagiertes Team<\/h2>\n\n\n\n<p>Das Herzst\u00fcck von Luxury Holidays Spain ist unser Team - eine Gruppe begeisterter Menschen, die mehr als nur Reiseplaner sind; wir sind <strong>begeisterte Liebhaber von Luxusurlauben<\/strong>. Unsere kollektiven Erfahrungen auf der ganzen Welt haben in uns eine Leidenschaft geweckt, einen Drang, daf\u00fcr zu sorgen, dass jeder Reisende die gleiche Freude und das gleiche Staunen erlebt wie wir auf unseren Reisen. Unsere Hauptaufgabe? Die <strong>helfen Ihnen, in die Sch\u00f6nheit der Natur einzutauchen<\/strong>den Luxus und den Nervenkitzel, den Spanien zu bieten hat.<\/p>\n\n\n\n<p>Wie stellen wir das sicher? Indem wir uns akribisch um jedes Detail k\u00fcmmern. Von der Buchung der exquisitesten Unterk\u00fcnfte \u00fcber die Ausarbeitung detaillierter Reisepl\u00e4ne bis hin zur Bereitstellung von GPS-Routen - wir haben alles f\u00fcr Sie im Griff. Und mit unserem <strong>24\/7 Unterst\u00fctzung<\/strong>sind Sie auf Ihrer Reise nie allein. Auf jede Frage und jedes Bed\u00fcrfnis wird sofort eingegangen, damit <strong>ein nahtloses und luxuri\u00f6ses Reiseerlebnis.<\/strong><\/p>\n\n\n\n<figure class=\"wp-block-image size-large\"><img decoding=\"async\" src=\"https:\/\/spainluxuryholidays.com\/wp-content\/uploads\/montserrat-barcelona-1024x683.webp\" alt=\"Blick auf das Kloster Montserrat im Naturpark Monserrat in Katalonien, Spanien\" class=\"wp-image-805\"\/><figcaption class=\"wp-element-caption\">Die spirituelle Anziehungskraft von Montserrat<\/figcaption><\/figure>\n\n\n\n<h2 class=\"wp-block-heading\">Begeben Sie sich auf eine luxuri\u00f6se Reise<\/h2>\n\n\n\n<p>Spanien mit seinen unz\u00e4hligen Erlebnissen wartet auf Sie. Jede Stadt, jeder Strand, jeder Bergpfad birgt eine Geschichte, ein luxuri\u00f6ses Erlebnis, das darauf wartet, enth\u00fcllt zu werden. Wir von Luxury Holidays Spain haben eine Reihe von Reisen zusammengestellt, die Folgendes versprechen <strong>eine Reise, die von Opulenz und Abenteuer gepr\u00e4gt ist<\/strong>.<\/p>\n\n\n\n<p>Also, warum warten? Tauchen Sie ein in <a href=\"https:\/\/spainluxuryholidays.com\/de\/touren\/\">unser Angebot an Luxusreisen<\/a> und lassen Sie sich von Spanien verzaubern. Lassen Sie sich von uns durch seine Landschaften, seine Geschichten und seinen Luxus f\u00fchren. Mit uns ist jede Reise ein Erlebnis, eine Erinnerung, ein Luxus. Kommen Sie zu uns, und lassen Sie uns gemeinsam Erinnerungen schaffen.<\/p>\n\n\n\n<p>Wenn Sie mehr wissen m\u00f6chten, besuchen Sie die Seiten unserer Partner in anderen L\u00e4ndern:<\/p>\n\n\n\n<ul class=\"wp-block-list\">\n<li><a href=\"https:\/\/slovenialuxuryholidays.com\/\">Slowenien Luxusurlaub<\/a><\/li>\n\n\n\n<li><a href=\"https:\/\/luxuryholidaysitaly.com\/\">Luxusurlaub Italien<\/a><\/li>\n\n\n\n<li><a href=\"https:\/\/luxuryholidayscrete.com\/\">Luxusurlaub Kreta<\/a><\/li>\n\n\n\n<li><a href=\"https:\/\/luxury-holidays-croatia.com\/\">Luxusurlaub Kroatien<\/a><\/li>\n\n\n\n<li><a href=\"https:\/\/luxury-holidays-greece.com\/\">Luxusurlaub Griechenland<\/a><\/li>\n\n\n\n<li><a href=\"https:\/\/luxuryholidaysfrance.com\/\">Luxusurlaub Frankreich<\/a><\/li>\n<\/ul>","protected":false},"excerpt":{"rendered":"<p>Es ist mir eine gro\u00dfe Freude, Ihnen mitteilen zu k\u00f6nnen, dass wir eines der am schnellsten wachsenden Luxusreiseunternehmen in Europa sind. Unsere Reise, angetrieben von Leidenschaft und Hingabe, war nichts weniger als bemerkenswert. Spanien mit seiner reichen Vielfalt an Landschaften und Kulturen hat schon immer einen besonderen Platz in unserem Herzen eingenommen. Jede Region, von den sonnenverw\u00f6hnten ... <a href=\"https:\/\/spainluxuryholidays.com\/de\/about-us\/\">Fortsetzung<\/a><\/p>","protected":false},"author":37,"featured_media":924,"parent":0,"menu_order":0,"comment_status":"closed","ping_status":"closed","template":"","meta":{"footnotes":""},"class_list":["post-39","page","type-page","status-publish","has-post-thumbnail","hentry"],"acf":{"page_subheading":"Experience Spain's opulence with one of the leading luxury holiday companies and dive into curated tours and unparalleled luxury adventures."},"_links":{"self":[{"href":"https:\/\/spainluxuryholidays.com\/de\/wp-json\/wp\/v2\/pages\/39","targetHints":{"allow":["GET"]}}],"collection":[{"href":"https:\/\/spainluxuryholidays.com\/de\/wp-json\/wp\/v2\/pages"}],"about":[{"href":"https:\/\/spainluxuryholidays.com\/de\/wp-json\/wp\/v2\/types\/page"}],"author":[{"embeddable":true,"href":"https:\/\/spainluxuryholidays.com\/de\/wp-json\/wp\/v2\/users\/37"}],"replies":[{"embeddable":true,"href":"https:\/\/spainluxuryholidays.com\/de\/wp-json\/wp\/v2\/comments?post=39"}],"version-history":[{"count":9,"href":"https:\/\/spainluxuryholidays.com\/de\/wp-json\/wp\/v2\/pages\/39\/revisions"}],"predecessor-version":[{"id":5875,"href":"https:\/\/spainluxuryholidays.com\/de\/wp-json\/wp\/v2\/pages\/39\/revisions\/5875"}],"wp:featuredmedia":[{"embeddable":true,"href":"https:\/\/spainluxuryholidays.com\/de\/wp-json\/wp\/v2\/media\/924"}],"wp:attachment":[{"href":"https:\/\/spainluxuryholidays.com\/de\/wp-json\/wp\/v2\/media?parent=39"}],"curies":[{"name":"wp","href":"https:\/\/api.w.org\/{rel}","templated":true}]}}