{"id":39,"date":"2023-01-16T13:14:25","date_gmt":"2023-01-16T13:14:25","guid":{"rendered":"https:\/\/spainluxuryholidays.com\/about-us\/"},"modified":"2024-03-25T10:23:06","modified_gmt":"2024-03-25T10:23:06","slug":"meista","status":"publish","type":"page","link":"https:\/\/spainluxuryholidays.com\/fi\/about-us\/","title":{"rendered":"Tietoa meist\u00e4"},"content":{"rendered":"<p>Minulle tuottaa suunnatonta iloa kertoa, ett\u00e4 me olemme <strong>yksi nopeimmin kasvavista luksusloma-alan yrityksist\u00e4.<\/strong> Euroopassa. Intohimon ja omistautumisen t\u00e4ytt\u00e4m\u00e4 matkamme on ollut suorastaan merkitt\u00e4v\u00e4.<\/p>\n\n\n\n<figure class=\"wp-block-image size-large\"><img decoding=\"async\" src=\"https:\/\/spainluxuryholidays.com\/wp-content\/uploads\/spain-vacation-1024x687.webp\" alt=\"N\u00e4kym\u00e4 merelle korkealta. Pe\u00f1\u00edscola, Castell\u00f3n, Espanja. Kaunis n\u00e4kym\u00e4 merelle ja lahdelle.\" class=\"wp-image-917\"\/><figcaption class=\"wp-element-caption\">Nauti Espanjan ajattomasta tyylikkyydest\u00e4 ja modernista ylellisyydest\u00e4.<\/figcaption><\/figure>\n\n\n\n<p>Espanja, jonka <strong>maisemien ja kulttuurien rikas kuvakudos<\/strong>on aina ollut erityinen paikka syd\u00e4miss\u00e4mme. Kukin alue, auringon hellimist\u00e4 rannikoista alkaen <a href=\"https:\/\/spainluxuryholidays.com\/fi\/kohteet\/ylellinen-loma-ibiza\/\">Ibiza<\/a> historialliseen vieh\u00e4tysvoimaan <a href=\"https:\/\/spainluxuryholidays.com\/fi\/kohteet\/ylellinen-loma-barcelona\/\">Barcelona<\/a>tarjoaa lukemattomia aktiviteetteja ja kokemuksia. Olipa kyse sitten Sevillan flamencon tahdista tai Sevillan seesteisist\u00e4 rannoista tai <a href=\"https:\/\/spainluxuryholidays.com\/fi\/kohteet\/ylellinen-loma-tenerife\/\">Teneriffa<\/a>, <strong>Espanja lupaa ylellist\u00e4 kokemusta<\/strong> joka on monipuolinen ja vertaansa vailla.<\/p>\n\n\n\n<p>Koska olemme olleet l\u00e4sn\u00e4 useissa Euroopan maissa, laajentuminen Espanjaan oli luonnollinen askel. Se antoi meille mahdollisuuden esitell\u00e4 entist\u00e4 useammille matkailijoillemme <strong>ylellisyytt\u00e4 ja charmia, jota luksuslomat tarjoavat<\/strong>, joka palvelee sek\u00e4 leppoisaa matkailijaa ett\u00e4 seikkailunhaluista matkailijaa.<\/p>\n\n\n\n<figure class=\"wp-block-image size-large\"><img decoding=\"async\" src=\"https:\/\/spainluxuryholidays.com\/wp-content\/uploads\/slice-of-jamon-683x1024.webp\" alt=\"Viipale jamon ibericoa\" class=\"wp-image-789\"\/><figcaption class=\"wp-element-caption\">Espanja on herkkusuiden paratiisi<\/figcaption><\/figure>\n\n\n\n<h2 class=\"wp-block-heading\">Omistautunut tiimimme<\/h2>\n\n\n\n<p>Luxury Holidays Spainin ytimess\u00e4 on tiimimme - joukko innostuneita yksil\u00f6it\u00e4, jotka ovat enemm\u00e4n kuin vain matkasuunnittelijoita; olemme <strong>luksuslomien innokkaat harrastajat<\/strong>. Yhteiset kokemuksemme eri puolilla maailmaa ovat kasvattaneet meiss\u00e4 intohimon ja halun varmistaa, ett\u00e4 jokainen matkustaja kokee samaa iloa ja kunnioitusta kuin me matkoillamme. Ensisijainen teht\u00e4v\u00e4mme? Meid\u00e4n on <strong>auttaa sinua uppoutumaan kauneuteen<\/strong>, ylellisyytt\u00e4 ja j\u00e4nnityst\u00e4, joita Espanjalla on tarjota.<\/p>\n\n\n\n<p>Miten t\u00e4m\u00e4 varmistetaan? Huolehtimalla huolellisesti jokaisesta yksityiskohdasta. Me huolehdimme aina hienoimmista majoitusvaihtoehdoista yksityiskohtaisten matkasuunnitelmien laatimiseen ja GPS-reittien tarjoamiseen. Ja meid\u00e4n <strong>24\/7 tuki<\/strong>, et ole koskaan yksin matkallasi. Jokaiseen kyselyyn ja tarpeeseen vastataan nopeasti, mik\u00e4 varmistaa, ett\u00e4 <strong>saumaton ja ylellinen matkakokemus.<\/strong><\/p>\n\n\n\n<figure class=\"wp-block-image size-large\"><img decoding=\"async\" src=\"https:\/\/spainluxuryholidays.com\/wp-content\/uploads\/montserrat-barcelona-1024x683.webp\" alt=\"N\u00e4kym\u00e4 Montserratin luostariin Monserratin luonnonpuistossa Kataloniassa, Espanjassa.\" class=\"wp-image-805\"\/><figcaption class=\"wp-element-caption\">Katsokaa Montserratin hengellist\u00e4 vieh\u00e4tyst\u00e4<\/figcaption><\/figure>\n\n\n\n<h2 class=\"wp-block-heading\">L\u00e4hde ylelliselle matkalle<\/h2>\n\n\n\n<p>Espanja ja sen lukemattomat kokemukset odottavat sinua. Jokaisessa kaupungissa, jokaisella rannalla ja jokaisella vuoristopolulla on tarina, ylellinen kokemus, joka odottaa paljastumistaan. Luxury Holidays Spain on koonnut yhteen valikoiman matkoja, jotka lupaavat seuraavaa <strong>ylellisyytt\u00e4 ja seikkailua t\u00e4ynn\u00e4 oleva matka<\/strong>.<\/p>\n\n\n\n<p>Miksi siis odottaa? Sukella <a href=\"https:\/\/spainluxuryholidays.com\/fi\/matkat\/\">meid\u00e4n kokoelma luksusmatkoja<\/a> ja anna Espanjan lumota sinut. Anna meid\u00e4n opastaa sinut sen maisemiin, tarinoihin ja ylellisyyksiin. Meid\u00e4n kanssamme jokainen matka on el\u00e4mys, muisto, ylellisyys. Liity seuraamme, ja luodaan yhdess\u00e4 muistoja.<\/p>\n\n\n\n<p>Jos etsit lis\u00e4\u00e4, voit tutustua yhteisty\u00f6kumppaneidemme sivuihin muissa maissa:<\/p>\n\n\n\n<ul class=\"wp-block-list\">\n<li><a href=\"https:\/\/slovenialuxuryholidays.com\/\">Slovenia ylellinen loma<\/a><\/li>\n\n\n\n<li><a href=\"https:\/\/luxuryholidaysitaly.com\/\">Ylellinen loma Italiassa<\/a><\/li>\n\n\n\n<li><a href=\"https:\/\/luxuryholidayscrete.com\/\">Ylellinen loma Kreeta<\/a><\/li>\n\n\n\n<li><a href=\"https:\/\/luxury-holidays-croatia.com\/\">Ylellinen loma Kroatia<\/a><\/li>\n\n\n\n<li><a href=\"https:\/\/luxury-holidays-greece.com\/\">Ylellinen loma Kreikka<\/a><\/li>\n\n\n\n<li><a href=\"https:\/\/luxuryholidaysfrance.com\/\">Ylellinen loma Ranska<\/a><\/li>\n<\/ul>","protected":false},"excerpt":{"rendered":"<p>Minulla on suunnaton ilo kertoa, ett\u00e4 olemme yksi Euroopan nopeimmin kasvavista luksusloma-alan yrityksist\u00e4. Intohimon ja omistautumisen ruokkima matkamme on ollut suorastaan merkitt\u00e4v\u00e4. Espanjalla ja sen maisemien ja kulttuurien rikkaalla kudelmalla on aina ollut erityinen paikka syd\u00e4mess\u00e4mme. Jokainen alue, auringon suutelemasta ... <a href=\"https:\/\/spainluxuryholidays.com\/fi\/about-us\/\">Jatkuu<\/a><\/p>","protected":false},"author":37,"featured_media":924,"parent":0,"menu_order":0,"comment_status":"closed","ping_status":"closed","template":"","meta":{"footnotes":""},"class_list":["post-39","page","type-page","status-publish","has-post-thumbnail","hentry"],"acf":{"page_subheading":"Experience Spain's opulence with one of the leading luxury holiday companies and dive into curated tours and unparalleled luxury adventures."},"_links":{"self":[{"href":"https:\/\/spainluxuryholidays.com\/fi\/wp-json\/wp\/v2\/pages\/39","targetHints":{"allow":["GET"]}}],"collection":[{"href":"https:\/\/spainluxuryholidays.com\/fi\/wp-json\/wp\/v2\/pages"}],"about":[{"href":"https:\/\/spainluxuryholidays.com\/fi\/wp-json\/wp\/v2\/types\/page"}],"author":[{"embeddable":true,"href":"https:\/\/spainluxuryholidays.com\/fi\/wp-json\/wp\/v2\/users\/37"}],"replies":[{"embeddable":true,"href":"https:\/\/spainluxuryholidays.com\/fi\/wp-json\/wp\/v2\/comments?post=39"}],"version-history":[{"count":9,"href":"https:\/\/spainluxuryholidays.com\/fi\/wp-json\/wp\/v2\/pages\/39\/revisions"}],"predecessor-version":[{"id":5875,"href":"https:\/\/spainluxuryholidays.com\/fi\/wp-json\/wp\/v2\/pages\/39\/revisions\/5875"}],"wp:featuredmedia":[{"embeddable":true,"href":"https:\/\/spainluxuryholidays.com\/fi\/wp-json\/wp\/v2\/media\/924"}],"wp:attachment":[{"href":"https:\/\/spainluxuryholidays.com\/fi\/wp-json\/wp\/v2\/media?parent=39"}],"curies":[{"name":"wp","href":"https:\/\/api.w.org\/{rel}","templated":true}]}}