{"id":39,"date":"2023-01-16T13:14:25","date_gmt":"2023-01-16T13:14:25","guid":{"rendered":"https:\/\/spainluxuryholidays.com\/about-us\/"},"modified":"2024-03-25T10:23:06","modified_gmt":"2024-03-25T10:23:06","slug":"a-propos-de-nous","status":"publish","type":"page","link":"https:\/\/spainluxuryholidays.com\/fr\/about-us\/","title":{"rendered":"\u00c0 propos de nous"},"content":{"rendered":"<p>J'ai l'immense joie de vous annoncer que nous sommes <strong>l'une des soci\u00e9t\u00e9s de vacances de luxe \u00e0 la croissance la plus rapide<\/strong> en Europe. Notre parcours, aliment\u00e9 par la passion et le d\u00e9vouement, a \u00e9t\u00e9 tout \u00e0 fait remarquable.<\/p>\n\n\n\n<figure class=\"wp-block-image size-large\"><img decoding=\"async\" src=\"https:\/\/spainluxuryholidays.com\/wp-content\/uploads\/spain-vacation-1024x687.webp\" alt=\"Vue de la mer depuis une hauteur. Pe\u00f1\u00edscola, Castell\u00f3n, Espagne. Belle vue sur la mer et la baie.\" class=\"wp-image-917\"\/><figcaption class=\"wp-element-caption\">D\u00e9couvrez l'\u00e9l\u00e9gance intemporelle et le luxe moderne de l'Espagne.<\/figcaption><\/figure>\n\n\n\n<p>L'Espagne, avec ses <strong>une riche tapisserie de paysages et de cultures<\/strong>L'Europe a toujours occup\u00e9 une place particuli\u00e8re dans nos c\u0153urs. Chaque r\u00e9gion, depuis les c\u00f4tes ensoleill\u00e9es de <a href=\"https:\/\/spainluxuryholidays.com\/fr\/destinations\/vacances-de-luxe-ibiza\/\">Ibiza<\/a> au charme historique de <a href=\"https:\/\/spainluxuryholidays.com\/fr\/destinations\/vacances-de-luxe-a-barcelone\/\">Barcelone<\/a>L'Espagne offre une myriade d'activit\u00e9s et d'exp\u00e9riences. Qu'il s'agisse des rythmes flamenco de S\u00e9ville ou des plages sereines de l'\u00eele de S\u00e9ville, l'\u00eele de S\u00e9ville est une destination de choix. <a href=\"https:\/\/spainluxuryholidays.com\/fr\/destinations\/vacances-de-luxe-a-tenerife\/\">Tenerife<\/a>, <strong>L'Espagne promet une exp\u00e9rience de luxe<\/strong> diversifi\u00e9e et in\u00e9gal\u00e9e.<\/p>\n\n\n\n<p>Apr\u00e8s avoir marqu\u00e9 notre pr\u00e9sence dans plusieurs pays europ\u00e9ens, l'expansion vers l'Espagne \u00e9tait une progression naturelle. Elle nous a permis de faire d\u00e9couvrir \u00e0 un plus grand nombre de voyageurs la <strong>l'opulence et le charme des vacances de luxe<\/strong>Il s'adresse \u00e0 la fois aux personnes qui voyagent en toute tranquillit\u00e9 et \u00e0 celles qui recherchent l'aventure.<\/p>\n\n\n\n<figure class=\"wp-block-image size-large\"><img decoding=\"async\" src=\"https:\/\/spainluxuryholidays.com\/wp-content\/uploads\/slice-of-jamon-683x1024.webp\" alt=\"Tranche de jamon iberico\" class=\"wp-image-789\"\/><figcaption class=\"wp-element-caption\">L'Espagne est un paradis pour les gourmets<\/figcaption><\/figure>\n\n\n\n<h2 class=\"wp-block-heading\">Notre \u00e9quipe d\u00e9vou\u00e9e<\/h2>\n\n\n\n<p>Au c\u0153ur de Luxury Holidays Spain se trouve notre \u00e9quipe - un groupe de personnes enthousiastes qui sont plus que de simples organisateurs de voyages. <strong>les amateurs de vacances de luxe<\/strong>. Nos exp\u00e9riences collectives \u00e0 travers le monde ont fait na\u00eetre en nous une passion, une volont\u00e9 de faire en sorte que chaque voyageur \u00e9prouve la m\u00eame joie, le m\u00eame \u00e9merveillement que nous au cours de nos p\u00e9riples. Notre mission premi\u00e8re ? La mission premi\u00e8re de l'agence est de <strong>vous aider \u00e0 vous immerger dans la beaut\u00e9<\/strong>L'Espagne vous offre le luxe et les sensations fortes.<\/p>\n\n\n\n<p>Comment nous en assurons-nous ? En prenant soin de chaque d\u00e9tail. De la r\u00e9servation des meilleurs h\u00e9bergements \u00e0 l'\u00e9laboration d'itin\u00e9raires d\u00e9taill\u00e9s et \u00e0 la fourniture d'itin\u00e9raires GPS, nous avons tout pr\u00e9vu. Et avec notre <strong>Assistance 24\/7<\/strong>Vous n'\u00eates jamais seul dans votre voyage. Toutes les questions et tous les besoins sont rapidement pris en compte, ce qui garantit <strong>une exp\u00e9rience de voyage fluide et luxueuse.<\/strong><\/p>\n\n\n\n<figure class=\"wp-block-image size-large\"><img decoding=\"async\" src=\"https:\/\/spainluxuryholidays.com\/wp-content\/uploads\/montserrat-barcelona-1024x683.webp\" alt=\"Vue sur le monast\u00e8re de Montserrat dans le parc naturel de Monserrat en Catalogne, Espagne\" class=\"wp-image-805\"\/><figcaption class=\"wp-element-caption\">L'attrait spirituel de Montserrat<\/figcaption><\/figure>\n\n\n\n<h2 class=\"wp-block-heading\">Embarquez pour un voyage luxueux<\/h2>\n\n\n\n<p>L'Espagne, avec sa myriade d'exp\u00e9riences, vous attend. Chaque ville, chaque plage, chaque sentier de montagne rec\u00e8le une histoire, une exp\u00e9rience de luxe qui attend d'\u00eatre d\u00e9voil\u00e9e. Chez Luxury Holidays Spain, nous avons \u00e9labor\u00e9 une gamme de circuits qui promettent <strong>un voyage plac\u00e9 sous le signe de l'opulence et de l'aventure<\/strong>.<\/p>\n\n\n\n<p>Alors, pourquoi attendre ? Plongez dans <a href=\"https:\/\/spainluxuryholidays.com\/fr\/tournees\/\">notre collection de circuits de luxe<\/a> et laissez l'Espagne vous enchanter. Laissez-nous vous guider \u00e0 travers ses paysages, ses histoires et ses luxes. Avec nous, chaque voyage est une exp\u00e9rience, un souvenir, un luxe. Rejoignez-nous, et cr\u00e9ons ensemble des souvenirs.<\/p>\n\n\n\n<p>Si vous souhaitez en savoir plus, consultez les pages de nos partenaires dans les autres pays :<\/p>\n\n\n\n<ul class=\"wp-block-list\">\n<li><a href=\"https:\/\/slovenialuxuryholidays.com\/\">Vacances de luxe en Slov\u00e9nie<\/a><\/li>\n\n\n\n<li><a href=\"https:\/\/luxuryholidaysitaly.com\/\">Vacances de luxe en Italie<\/a><\/li>\n\n\n\n<li><a href=\"https:\/\/luxuryholidayscrete.com\/\">Vacances de luxe en Cr\u00e8te<\/a><\/li>\n\n\n\n<li><a href=\"https:\/\/luxury-holidays-croatia.com\/\">Vacances de luxe en Croatie<\/a><\/li>\n\n\n\n<li><a href=\"https:\/\/luxury-holidays-greece.com\/\">Vacances de luxe en Gr\u00e8ce<\/a><\/li>\n\n\n\n<li><a href=\"https:\/\/luxuryholidaysfrance.com\/\">Vacances de luxe en France<\/a><\/li>\n<\/ul>","protected":false},"excerpt":{"rendered":"<p>J'ai l'immense joie de vous annoncer que nous sommes l'une des entreprises de vacances de luxe qui conna\u00eet la plus forte croissance en Europe. Notre parcours, aliment\u00e9 par la passion et le d\u00e9vouement, a \u00e9t\u00e9 tout \u00e0 fait remarquable. L'Espagne, avec sa riche tapisserie de paysages et de cultures, a toujours occup\u00e9 une place sp\u00e9ciale dans nos c\u0153urs. Chaque r\u00e9gion, depuis les ... <a href=\"https:\/\/spainluxuryholidays.com\/fr\/about-us\/\">Suite<\/a><\/p>","protected":false},"author":37,"featured_media":924,"parent":0,"menu_order":0,"comment_status":"closed","ping_status":"closed","template":"","meta":{"footnotes":""},"class_list":["post-39","page","type-page","status-publish","has-post-thumbnail","hentry"],"acf":{"page_subheading":"Experience Spain's opulence with one of the leading luxury holiday companies and dive into curated tours and unparalleled luxury adventures."},"_links":{"self":[{"href":"https:\/\/spainluxuryholidays.com\/fr\/wp-json\/wp\/v2\/pages\/39","targetHints":{"allow":["GET"]}}],"collection":[{"href":"https:\/\/spainluxuryholidays.com\/fr\/wp-json\/wp\/v2\/pages"}],"about":[{"href":"https:\/\/spainluxuryholidays.com\/fr\/wp-json\/wp\/v2\/types\/page"}],"author":[{"embeddable":true,"href":"https:\/\/spainluxuryholidays.com\/fr\/wp-json\/wp\/v2\/users\/37"}],"replies":[{"embeddable":true,"href":"https:\/\/spainluxuryholidays.com\/fr\/wp-json\/wp\/v2\/comments?post=39"}],"version-history":[{"count":9,"href":"https:\/\/spainluxuryholidays.com\/fr\/wp-json\/wp\/v2\/pages\/39\/revisions"}],"predecessor-version":[{"id":5875,"href":"https:\/\/spainluxuryholidays.com\/fr\/wp-json\/wp\/v2\/pages\/39\/revisions\/5875"}],"wp:featuredmedia":[{"embeddable":true,"href":"https:\/\/spainluxuryholidays.com\/fr\/wp-json\/wp\/v2\/media\/924"}],"wp:attachment":[{"href":"https:\/\/spainluxuryholidays.com\/fr\/wp-json\/wp\/v2\/media?parent=39"}],"curies":[{"name":"wp","href":"https:\/\/api.w.org\/{rel}","templated":true}]}}