{"id":39,"date":"2023-01-16T13:14:25","date_gmt":"2023-01-16T13:14:25","guid":{"rendered":"https:\/\/spainluxuryholidays.com\/about-us\/"},"modified":"2024-03-25T10:23:06","modified_gmt":"2024-03-25T10:23:06","slug":"chi-siamo","status":"publish","type":"page","link":"https:\/\/spainluxuryholidays.com\/it\/about-us\/","title":{"rendered":"Chi siamo"},"content":{"rendered":"<p>\u00c8 per me una gioia immensa condividere che siamo <strong>una delle aziende di vacanze di lusso a pi\u00f9 rapida crescita<\/strong> in Europa. Il nostro viaggio, alimentato da passione e dedizione, \u00e8 stato a dir poco straordinario.<\/p>\n\n\n\n<figure class=\"wp-block-image size-large\"><img decoding=\"async\" src=\"https:\/\/spainluxuryholidays.com\/wp-content\/uploads\/spain-vacation-1024x687.webp\" alt=\"Vista sul mare da un&#039;altura. Pe\u00f1\u00edscola, Castell\u00f3n, Spagna. Splendida vista sul mare e sulla baia.\" class=\"wp-image-917\"\/><figcaption class=\"wp-element-caption\">Godetevi l'eleganza senza tempo della Spagna e il suo lusso moderno.<\/figcaption><\/figure>\n\n\n\n<p>La Spagna, con il suo <strong>ricco arazzo di paesaggi e culture<\/strong>Il nostro paese ha sempre occupato un posto speciale nel nostro cuore. Ogni regione, dalle coste baciate dal sole di <a href=\"https:\/\/spainluxuryholidays.com\/it\/destinazioni\/vacanze-di-lusso-a-ibiza\/\">Ibiza<\/a> al fascino storico di <a href=\"https:\/\/spainluxuryholidays.com\/it\/destinazioni\/vacanze-di-lusso-a-barcellona\/\">Barcellona<\/a>offre una miriade di attivit\u00e0 ed esperienze. Sia che si tratti dei ritmi del flamenco di Siviglia o delle spiagge serene di <a href=\"https:\/\/spainluxuryholidays.com\/it\/destinazioni\/vacanze-di-lusso-a-tenerife\/\">Tenerife<\/a>, <strong>La Spagna promette un'esperienza di lusso<\/strong> che \u00e8 vario e senza pari.<\/p>\n\n\n\n<p>Dopo aver marcato la nostra presenza in diversi Paesi europei, l'espansione in Spagna \u00e8 stata una progressione naturale. Ci ha permesso di far conoscere a un numero ancora maggiore di viaggiatori la <strong>l'opulenza e il fascino che offrono le vacanze di lusso<\/strong>per soddisfare le esigenze di chi viaggia per piacere e di chi cerca l'avventura.<\/p>\n\n\n\n<figure class=\"wp-block-image size-large\"><img decoding=\"async\" src=\"https:\/\/spainluxuryholidays.com\/wp-content\/uploads\/slice-of-jamon-683x1024.webp\" alt=\"Fetta di jamon iberico\" class=\"wp-image-789\"\/><figcaption class=\"wp-element-caption\">La Spagna \u00e8 il paradiso dei buongustai<\/figcaption><\/figure>\n\n\n\n<h2 class=\"wp-block-heading\">Il nostro team dedicato<\/h2>\n\n\n\n<p>Il cuore di Luxury Holidays Spain \u00e8 il nostro team: un gruppo di persone entusiaste che sono molto pi\u00f9 che semplici pianificatori di viaggi. <strong>appassionati di vacanze di lusso<\/strong>. Le nostre esperienze collettive in tutto il mondo ci hanno trasmesso una passione, una spinta a far s\u00ec che ogni viaggiatore sperimenti la stessa gioia, lo stesso stupore che proviamo noi durante i nostri viaggi. La nostra missione principale? Fare <strong>vi aiuter\u00e0 a immergervi nella bellezza<\/strong>Il lusso e il brivido che la Spagna ha da offrire.<\/p>\n\n\n\n<p>Come lo garantiamo? Curando meticolosamente ogni dettaglio. Dalla prenotazione degli alloggi pi\u00f9 raffinati alla creazione di itinerari dettagliati e alla fornitura di percorsi GPS, abbiamo pensato a voi. E con il nostro <strong>Assistenza 24\/7<\/strong>Non siete mai soli nel vostro viaggio. Ogni domanda e ogni esigenza viene affrontata con tempestivit\u00e0, garantendo <strong>un'esperienza di viaggio perfetta e lussuosa.<\/strong><\/p>\n\n\n\n<figure class=\"wp-block-image size-large\"><img decoding=\"async\" src=\"https:\/\/spainluxuryholidays.com\/wp-content\/uploads\/montserrat-barcelona-1024x683.webp\" alt=\"Vista sul monastero di Montserrat nel parco naturale di Monserrat in Catalogna, Spagna\" class=\"wp-image-805\"\/><figcaption class=\"wp-element-caption\">Ammirate il fascino spirituale di Montserrat<\/figcaption><\/figure>\n\n\n\n<h2 class=\"wp-block-heading\">Imbarcatevi in un viaggio di lusso<\/h2>\n\n\n\n<p>La Spagna, con la sua miriade di esperienze, vi aspetta. Ogni citt\u00e0, ogni spiaggia, ogni sentiero di montagna racchiude una storia, un'esperienza di lusso che aspetta di essere svelata. Noi di Luxury Holidays Spain abbiamo curato una gamma di tour che promettono <strong>un viaggio all'insegna dell'opulenza e dell'avventura<\/strong>.<\/p>\n\n\n\n<p>Quindi, perch\u00e9 aspettare? Tuffatevi in <a href=\"https:\/\/spainluxuryholidays.com\/it\/tour\/\">la nostra collezione di tour di lusso<\/a> e lasciatevi incantare dalla Spagna. Lasciatevi guidare dai suoi paesaggi, dalle sue storie e dai suoi lussi. Con noi, ogni viaggio \u00e8 un'esperienza, un ricordo, un lusso. Unitevi a noi e creiamo ricordi insieme.<\/p>\n\n\n\n<p>Se volete saperne di pi\u00f9, visitate le pagine dei nostri partner in altri Paesi:<\/p>\n\n\n\n<ul class=\"wp-block-list\">\n<li><a href=\"https:\/\/slovenialuxuryholidays.com\/\">Vacanze di lusso in Slovenia<\/a><\/li>\n\n\n\n<li><a href=\"https:\/\/luxuryholidaysitaly.com\/\">Vacanze di lusso in Italia<\/a><\/li>\n\n\n\n<li><a href=\"https:\/\/luxuryholidayscrete.com\/\">Vacanze di lusso a Creta<\/a><\/li>\n\n\n\n<li><a href=\"https:\/\/luxury-holidays-croatia.com\/\">Vacanze di lusso in Croazia<\/a><\/li>\n\n\n\n<li><a href=\"https:\/\/luxury-holidays-greece.com\/\">Vacanze di lusso in Grecia<\/a><\/li>\n\n\n\n<li><a href=\"https:\/\/luxuryholidaysfrance.com\/\">Vacanze di lusso in Francia<\/a><\/li>\n<\/ul>","protected":false},"excerpt":{"rendered":"<p>\u00c8 per me una gioia immensa condividere che siamo una delle aziende di vacanze di lusso in pi\u00f9 rapida crescita in Europa. Il nostro viaggio, alimentato da passione e dedizione, \u00e8 stato a dir poco straordinario. La Spagna, con il suo ricco arazzo di paesaggi e culture, ha sempre occupato un posto speciale nel nostro cuore. Ogni regione, dalle spiagge baciate dal sole ... <a href=\"https:\/\/spainluxuryholidays.com\/it\/about-us\/\">Continua<\/a><\/p>","protected":false},"author":37,"featured_media":924,"parent":0,"menu_order":0,"comment_status":"closed","ping_status":"closed","template":"","meta":{"footnotes":""},"class_list":["post-39","page","type-page","status-publish","has-post-thumbnail","hentry"],"acf":{"page_subheading":"Experience Spain's opulence with one of the leading luxury holiday companies and dive into curated tours and unparalleled luxury adventures."},"_links":{"self":[{"href":"https:\/\/spainluxuryholidays.com\/it\/wp-json\/wp\/v2\/pages\/39","targetHints":{"allow":["GET"]}}],"collection":[{"href":"https:\/\/spainluxuryholidays.com\/it\/wp-json\/wp\/v2\/pages"}],"about":[{"href":"https:\/\/spainluxuryholidays.com\/it\/wp-json\/wp\/v2\/types\/page"}],"author":[{"embeddable":true,"href":"https:\/\/spainluxuryholidays.com\/it\/wp-json\/wp\/v2\/users\/37"}],"replies":[{"embeddable":true,"href":"https:\/\/spainluxuryholidays.com\/it\/wp-json\/wp\/v2\/comments?post=39"}],"version-history":[{"count":9,"href":"https:\/\/spainluxuryholidays.com\/it\/wp-json\/wp\/v2\/pages\/39\/revisions"}],"predecessor-version":[{"id":5875,"href":"https:\/\/spainluxuryholidays.com\/it\/wp-json\/wp\/v2\/pages\/39\/revisions\/5875"}],"wp:featuredmedia":[{"embeddable":true,"href":"https:\/\/spainluxuryholidays.com\/it\/wp-json\/wp\/v2\/media\/924"}],"wp:attachment":[{"href":"https:\/\/spainluxuryholidays.com\/it\/wp-json\/wp\/v2\/media?parent=39"}],"curies":[{"name":"wp","href":"https:\/\/api.w.org\/{rel}","templated":true}]}}