{"id":39,"date":"2023-01-16T13:14:25","date_gmt":"2023-01-16T13:14:25","guid":{"rendered":"https:\/\/spainluxuryholidays.com\/about-us\/"},"modified":"2024-03-25T10:23:06","modified_gmt":"2024-03-25T10:23:06","slug":"om-oss","status":"publish","type":"page","link":"https:\/\/spainluxuryholidays.com\/nb\/about-us\/","title":{"rendered":"Om oss"},"content":{"rendered":"<p>Det er en stor glede for meg \u00e5 kunne fortelle at vi er <strong>et av de raskest voksende selskapene innen luksusferier<\/strong> i Europa. V\u00e5r reise, drevet av lidenskap og engasjement, har v\u00e6rt intet mindre enn bemerkelsesverdig.<\/p>\n\n\n\n<figure class=\"wp-block-image size-large\"><img decoding=\"async\" src=\"https:\/\/spainluxuryholidays.com\/wp-content\/uploads\/spain-vacation-1024x687.webp\" alt=\"Utsikt over havet fra en h\u00f8yde. Pe\u00f1\u00edscola, Castell\u00f3n, Spania. Vakker utsikt over havet og bukten.\" class=\"wp-image-917\"\/><figcaption class=\"wp-element-caption\">Nyt Spanias tidl\u00f8se eleganse og moderne luksus.<\/figcaption><\/figure>\n\n\n\n<p>Spania, med sin <strong>et rikt utvalg av landskap og kulturer.<\/strong>har alltid hatt en spesiell plass i v\u00e5re hjerter. Hver region, fra de solkyssede kystene av <a href=\"https:\/\/spainluxuryholidays.com\/nb\/destinasjoner\/luksusferie-ibiza\/\">Ibiza<\/a> til den historiske sjarmen i <a href=\"https:\/\/spainluxuryholidays.com\/nb\/destinasjoner\/luksusferie-barcelona\/\">Barcelona<\/a>tilbyr et mylder av aktiviteter og opplevelser. Enten det dreier seg om flamencoen i Sevilla eller de rolige strendene p\u00e5 <a href=\"https:\/\/spainluxuryholidays.com\/nb\/destinasjoner\/luksusferie-tenerife\/\">Tenerife<\/a>, <strong>Spania lover en luksuri\u00f8s opplevelse<\/strong> som er mangfoldig og uten sidestykke.<\/p>\n\n\n\n<p>Etter \u00e5 ha markert v\u00e5r tilstedev\u00e6relse i flere europeiske land var det naturlig for oss \u00e5 utvide til Spania. Det gjorde det mulig for oss \u00e5 introdusere enda flere reisende til <strong>overfloden og sjarmen som luksusferier byr p\u00e5<\/strong>og henvender seg b\u00e5de til den som reiser i ro og mak og den som s\u00f8ker eventyr.<\/p>\n\n\n\n<figure class=\"wp-block-image size-large\"><img decoding=\"async\" src=\"https:\/\/spainluxuryholidays.com\/wp-content\/uploads\/slice-of-jamon-683x1024.webp\" alt=\"Skive jamon iberico\" class=\"wp-image-789\"\/><figcaption class=\"wp-element-caption\">Spania er et paradis for gourmeter<\/figcaption><\/figure>\n\n\n\n<h2 class=\"wp-block-heading\">V\u00e5rt dedikerte team<\/h2>\n\n\n\n<p>Kjernen i Luxury Holidays Spain er teamet v\u00e5rt - en gruppe entusiastiske mennesker som er mer enn bare reiseplanleggere. <strong>ivrige entusiaster av luksusferier<\/strong>. V\u00e5re felles opplevelser over hele verden har gitt oss en lidenskap, en drivkraft til \u00e5 sikre at alle reisende opplever den samme gleden, den samme \u00e6refrykten som vi gj\u00f8r p\u00e5 v\u00e5re reiser. V\u00e5r viktigste oppgave? \u00c5 <strong>hjelper deg med \u00e5 fordype deg i skj\u00f8nnheten<\/strong>, luksusen og spenningen som Spania har \u00e5 by p\u00e5.<\/p>\n\n\n\n<p>Hvordan sikrer vi dette? Ved \u00e5 ta oss av hver eneste detalj. Vi tar oss av alt fra bestilling av de mest uts\u00f8kte overnattingsstedene til utarbeidelse av detaljerte reiseplaner og GPS-ruter. Og med v\u00e5r <strong>Support d\u00f8gnet rundt, alle dager<\/strong>er du aldri alene p\u00e5 reisen. Vi svarer raskt p\u00e5 alle sp\u00f8rsm\u00e5l og behov, og s\u00f8rger for at du f\u00e5r <strong>en s\u00f8ml\u00f8s og luksuri\u00f8s reiseopplevelse.<\/strong><\/p>\n\n\n\n<figure class=\"wp-block-image size-large\"><img decoding=\"async\" src=\"https:\/\/spainluxuryholidays.com\/wp-content\/uploads\/montserrat-barcelona-1024x683.webp\" alt=\"Utsikt til Montserrat-klosteret i Monserrat naturpark i Katalonia, Spania.\" class=\"wp-image-805\"\/><figcaption class=\"wp-element-caption\">Se Montserrats \u00e5ndelige tiltrekningskraft<\/figcaption><\/figure>\n\n\n\n<h2 class=\"wp-block-heading\">Legg ut p\u00e5 en luksuri\u00f8s reise<\/h2>\n\n\n\n<p>Spania venter p\u00e5 deg med sitt mylder av opplevelser. Hver by, hver strand, hver fjellsti har en historie, en luksusopplevelse som bare venter p\u00e5 \u00e5 bli avsl\u00f8rt. Hos Luxury Holidays Spain har vi satt sammen et utvalg av turer som lover deg <strong>en reise preget av overd\u00e5dighet og eventyrlyst<\/strong>.<\/p>\n\n\n\n<p>S\u00e5 hvorfor vente? Dykk ned i <a href=\"https:\/\/spainluxuryholidays.com\/nb\/turer\/\">v\u00e5rt utvalg av luksusturer<\/a> og la deg fortrylle av Spania. La oss guide deg gjennom landskapet, historiene og luksusen. Hos oss er hver eneste reise en opplevelse, et minne, en luksus. Bli med oss, og la oss skape minner sammen.<\/p>\n\n\n\n<p>Hvis du er p\u00e5 utkikk etter mer, kan du bes\u00f8ke sidene til v\u00e5re partnere i andre land:<\/p>\n\n\n\n<ul class=\"wp-block-list\">\n<li><a href=\"https:\/\/slovenialuxuryholidays.com\/\">Luksusferie i Slovenia<\/a><\/li>\n\n\n\n<li><a href=\"https:\/\/luxuryholidaysitaly.com\/\">Luksusferie i Italia<\/a><\/li>\n\n\n\n<li><a href=\"https:\/\/luxuryholidayscrete.com\/\">Luksusferie p\u00e5 Kreta<\/a><\/li>\n\n\n\n<li><a href=\"https:\/\/luxury-holidays-croatia.com\/\">Luksusferie i Kroatia<\/a><\/li>\n\n\n\n<li><a href=\"https:\/\/luxury-holidays-greece.com\/\">Luksusferie i Hellas<\/a><\/li>\n\n\n\n<li><a href=\"https:\/\/luxuryholidaysfrance.com\/\">Luksusferie i Frankrike<\/a><\/li>\n<\/ul>","protected":false},"excerpt":{"rendered":"<p>Det er med stor glede jeg kan fortelle at vi er et av de raskest voksende luksusferieselskapene i Europa. V\u00e5r reise, drevet av lidenskap og engasjement, har v\u00e6rt intet mindre enn bemerkelsesverdig. Spania, med sitt rike utvalg av landskap og kulturer, har alltid hatt en spesiell plass i v\u00e5re hjerter. Hver region, fra solfylte ... <a href=\"https:\/\/spainluxuryholidays.com\/nb\/about-us\/\">Fortsettelse<\/a><\/p>","protected":false},"author":37,"featured_media":924,"parent":0,"menu_order":0,"comment_status":"closed","ping_status":"closed","template":"","meta":{"footnotes":""},"class_list":["post-39","page","type-page","status-publish","has-post-thumbnail","hentry"],"acf":{"page_subheading":"Experience Spain's opulence with one of the leading luxury holiday companies and dive into curated tours and unparalleled luxury adventures."},"_links":{"self":[{"href":"https:\/\/spainluxuryholidays.com\/nb\/wp-json\/wp\/v2\/pages\/39","targetHints":{"allow":["GET"]}}],"collection":[{"href":"https:\/\/spainluxuryholidays.com\/nb\/wp-json\/wp\/v2\/pages"}],"about":[{"href":"https:\/\/spainluxuryholidays.com\/nb\/wp-json\/wp\/v2\/types\/page"}],"author":[{"embeddable":true,"href":"https:\/\/spainluxuryholidays.com\/nb\/wp-json\/wp\/v2\/users\/37"}],"replies":[{"embeddable":true,"href":"https:\/\/spainluxuryholidays.com\/nb\/wp-json\/wp\/v2\/comments?post=39"}],"version-history":[{"count":9,"href":"https:\/\/spainluxuryholidays.com\/nb\/wp-json\/wp\/v2\/pages\/39\/revisions"}],"predecessor-version":[{"id":5875,"href":"https:\/\/spainluxuryholidays.com\/nb\/wp-json\/wp\/v2\/pages\/39\/revisions\/5875"}],"wp:featuredmedia":[{"embeddable":true,"href":"https:\/\/spainluxuryholidays.com\/nb\/wp-json\/wp\/v2\/media\/924"}],"wp:attachment":[{"href":"https:\/\/spainluxuryholidays.com\/nb\/wp-json\/wp\/v2\/media?parent=39"}],"curies":[{"name":"wp","href":"https:\/\/api.w.org\/{rel}","templated":true}]}}