{"id":39,"date":"2023-01-16T13:14:25","date_gmt":"2023-01-16T13:14:25","guid":{"rendered":"https:\/\/spainluxuryholidays.com\/about-us\/"},"modified":"2024-03-25T10:23:06","modified_gmt":"2024-03-25T10:23:06","slug":"over-ons","status":"publish","type":"page","link":"https:\/\/spainluxuryholidays.com\/nl\/about-us\/","title":{"rendered":"Over ons"},"content":{"rendered":"<p>Het doet me enorm veel plezier om te kunnen delen dat we <strong>een van de snelst groeiende luxe vakantiebedrijven<\/strong> in Europa. Onze reis, gevoed door passie en toewijding, is niets minder dan opmerkelijk geweest.<\/p>\n\n\n\n<figure class=\"wp-block-image size-large\"><img decoding=\"async\" src=\"https:\/\/spainluxuryholidays.com\/wp-content\/uploads\/spain-vacation-1024x687.webp\" alt=\"Uitzicht op de zee vanaf een hoogte. Pe\u00f1\u00edscola, Castell\u00f3n, Spanje. Prachtig uitzicht op de zee en de baai.\" class=\"wp-image-917\"\/><figcaption class=\"wp-element-caption\">Geniet van de tijdloze elegantie en moderne luxe van Spanje<\/figcaption><\/figure>\n\n\n\n<p>Spanje, met zijn <strong>rijk tapijt van landschappen en culturen<\/strong>heeft altijd een speciaal plekje in ons hart gehad. Elke regio, van de zonovergoten kusten van <a href=\"https:\/\/spainluxuryholidays.com\/nl\/bestemmingen\/luxe-vakantie-ibiza\/\">Ibiza<\/a> naar de historische charme van <a href=\"https:\/\/spainluxuryholidays.com\/nl\/bestemmingen\/luxe-vakantie-barcelona\/\">Barcelona<\/a>biedt een groot aantal activiteiten en ervaringen. Of het nu de flamencobeats van Sevilla zijn of de serene stranden van <a href=\"https:\/\/spainluxuryholidays.com\/nl\/bestemmingen\/luxe-vakantie-tenerife\/\">Tenerife<\/a>, <strong>Spanje belooft een luxe ervaring<\/strong> die divers en onge\u00ebvenaard is.<\/p>\n\n\n\n<p>Na onze aanwezigheid in verschillende Europese landen was de uitbreiding naar Spanje een natuurlijke stap voorwaarts. Het stelde ons in staat om nog meer reizigers kennis te laten maken met de <strong>weelde en charme die luxe vakanties bieden<\/strong>voor zowel de rustige reiziger als de avonturier.<\/p>\n\n\n\n<figure class=\"wp-block-image size-large\"><img decoding=\"async\" src=\"https:\/\/spainluxuryholidays.com\/wp-content\/uploads\/slice-of-jamon-683x1024.webp\" alt=\"Stukje jamon iberico\" class=\"wp-image-789\"\/><figcaption class=\"wp-element-caption\">Spanje is een paradijs voor fijnproevers<\/figcaption><\/figure>\n\n\n\n<h2 class=\"wp-block-heading\">Ons toegewijde team<\/h2>\n\n\n\n<p>Het hart van Luxury Holidays Spanje is ons team - een groep enthousiaste mensen die meer zijn dan alleen maar reisplanners; we zijn <strong>fervente liefhebbers van luxe vakanties<\/strong>. Onze gezamenlijke ervaringen over de hele wereld hebben ons een passie bijgebracht, een drive om ervoor te zorgen dat elke reiziger hetzelfde plezier, hetzelfde ontzag ervaart als wij op onze reizen. Onze belangrijkste missie? Om <strong>helpen je onder te dompelen in de schoonheid<\/strong>De luxe en sensatie die Spanje te bieden heeft.<\/p>\n\n\n\n<p>Hoe zorgen we daarvoor? Door zorgvuldig voor elk detail te zorgen. Van het boeken van de meest exquise accommodaties tot het maken van gedetailleerde routes en het verstrekken van GPS-routes, wij zorgen ervoor dat je alles weet. En met onze <strong>24\/7 ondersteuning<\/strong>Je bent nooit alleen op je reis. Elke vraag en elke behoefte wordt onmiddellijk behandeld, zodat je er zeker van kunt zijn dat <strong>een naadloze en luxueuze reiservaring.<\/strong><\/p>\n\n\n\n<figure class=\"wp-block-image size-large\"><img decoding=\"async\" src=\"https:\/\/spainluxuryholidays.com\/wp-content\/uploads\/montserrat-barcelona-1024x683.webp\" alt=\"Uitzicht op klooster Montserrat in Natuurpark Monserrat in Cataloni\u00eb, Spanje\" class=\"wp-image-805\"\/><figcaption class=\"wp-element-caption\">Aanschouw de spirituele allure van Montserrat<\/figcaption><\/figure>\n\n\n\n<h2 class=\"wp-block-heading\">Ga op een luxe reis<\/h2>\n\n\n\n<p>Spanje, met zijn ontelbare ervaringen, wacht op je. Elke stad, elk strand, elk bergpad heeft een verhaal, een luxe ervaring die wacht om te worden onthuld. Bij Luxury Holidays Spanje hebben we een reeks reizen samengesteld die het volgende beloven <strong>een reis vol weelde en avontuur<\/strong>.<\/p>\n\n\n\n<p>Dus waarom wachten? Duik in <a href=\"https:\/\/spainluxuryholidays.com\/nl\/rondleidingen\/\">onze collectie luxe tours<\/a> en laat Spanje je betoveren. Laat ons je leiden door de landschappen, verhalen en luxe. Met ons is elke reis een ervaring, een herinnering, een luxe. Ga met ons mee en laten we samen herinneringen maken.<\/p>\n\n\n\n<p>Als je op zoek bent naar meer, ga dan naar de pagina's van onze partners in andere landen:<\/p>\n\n\n\n<ul class=\"wp-block-list\">\n<li><a href=\"https:\/\/slovenialuxuryholidays.com\/\">Luxe vakantie Sloveni\u00eb<\/a><\/li>\n\n\n\n<li><a href=\"https:\/\/luxuryholidaysitaly.com\/\">Luxe vakantie Itali\u00eb<\/a><\/li>\n\n\n\n<li><a href=\"https:\/\/luxuryholidayscrete.com\/\">Luxe vakantie Kreta<\/a><\/li>\n\n\n\n<li><a href=\"https:\/\/luxury-holidays-croatia.com\/\">Luxe vakantie Kroati\u00eb<\/a><\/li>\n\n\n\n<li><a href=\"https:\/\/luxury-holidays-greece.com\/\">Luxe vakantie Griekenland<\/a><\/li>\n\n\n\n<li><a href=\"https:\/\/luxuryholidaysfrance.com\/\">Luxe vakantie Frankrijk<\/a><\/li>\n<\/ul>","protected":false},"excerpt":{"rendered":"<p>Het doet me enorm veel plezier om te kunnen delen dat we een van de snelst groeiende luxe vakantiebedrijven in Europa zijn. Onze reis, gevoed door passie en toewijding, is niets minder dan opmerkelijk geweest. Spanje, met zijn rijke schakering aan landschappen en culturen, heeft altijd een speciaal plekje in ons hart gehad. Elke regio, van de zonovergoten ... <a href=\"https:\/\/spainluxuryholidays.com\/nl\/about-us\/\">Vervolg<\/a><\/p>","protected":false},"author":37,"featured_media":924,"parent":0,"menu_order":0,"comment_status":"closed","ping_status":"closed","template":"","meta":{"footnotes":""},"class_list":["post-39","page","type-page","status-publish","has-post-thumbnail","hentry"],"acf":{"page_subheading":"Experience Spain's opulence with one of the leading luxury holiday companies and dive into curated tours and unparalleled luxury adventures."},"_links":{"self":[{"href":"https:\/\/spainluxuryholidays.com\/nl\/wp-json\/wp\/v2\/pages\/39","targetHints":{"allow":["GET"]}}],"collection":[{"href":"https:\/\/spainluxuryholidays.com\/nl\/wp-json\/wp\/v2\/pages"}],"about":[{"href":"https:\/\/spainluxuryholidays.com\/nl\/wp-json\/wp\/v2\/types\/page"}],"author":[{"embeddable":true,"href":"https:\/\/spainluxuryholidays.com\/nl\/wp-json\/wp\/v2\/users\/37"}],"replies":[{"embeddable":true,"href":"https:\/\/spainluxuryholidays.com\/nl\/wp-json\/wp\/v2\/comments?post=39"}],"version-history":[{"count":9,"href":"https:\/\/spainluxuryholidays.com\/nl\/wp-json\/wp\/v2\/pages\/39\/revisions"}],"predecessor-version":[{"id":5875,"href":"https:\/\/spainluxuryholidays.com\/nl\/wp-json\/wp\/v2\/pages\/39\/revisions\/5875"}],"wp:featuredmedia":[{"embeddable":true,"href":"https:\/\/spainluxuryholidays.com\/nl\/wp-json\/wp\/v2\/media\/924"}],"wp:attachment":[{"href":"https:\/\/spainluxuryholidays.com\/nl\/wp-json\/wp\/v2\/media?parent=39"}],"curies":[{"name":"wp","href":"https:\/\/api.w.org\/{rel}","templated":true}]}}