{"id":39,"date":"2023-01-16T13:14:25","date_gmt":"2023-01-16T13:14:25","guid":{"rendered":"https:\/\/spainluxuryholidays.com\/about-us\/"},"modified":"2024-03-25T10:23:06","modified_gmt":"2024-03-25T10:23:06","slug":"om-oss","status":"publish","type":"page","link":"https:\/\/spainluxuryholidays.com\/sv\/about-us\/","title":{"rendered":"Om oss"},"content":{"rendered":"<p>Det \u00e4r med stor gl\u00e4dje jag kan meddela att vi \u00e4r <strong>ett av de snabbast v\u00e4xande f\u00f6retagen inom lyxresor<\/strong> i Europa. V\u00e5r resa, som drivits av passion och engagemang, har varit inget annat \u00e4n enast\u00e5ende.<\/p>\n\n\n\n<figure class=\"wp-block-image size-large\"><img decoding=\"async\" src=\"https:\/\/spainluxuryholidays.com\/wp-content\/uploads\/spain-vacation-1024x687.webp\" alt=\"Utsikt \u00f6ver havet fr\u00e5n en h\u00f6jd. Pe\u00f1\u00edscola, Castell\u00f3n, Spanien. Vacker utsikt \u00f6ver havet och bukten.\" class=\"wp-image-917\"\/><figcaption class=\"wp-element-caption\">Njut av Spaniens tidl\u00f6sa elegans och moderna lyx<\/figcaption><\/figure>\n\n\n\n<p>Spanien, med dess <strong>en rik v\u00e4v av landskap och kulturer<\/strong>har alltid haft en speciell plats i v\u00e5ra hj\u00e4rtan. Varje region, fr\u00e5n de solkyssta kusterna i <a href=\"https:\/\/spainluxuryholidays.com\/sv\/destinationer\/lyxsemester-ibiza\/\">Ibiza<\/a> till den historiska charmen i <a href=\"https:\/\/spainluxuryholidays.com\/sv\/destinationer\/lyxsemester-barcelona\/\">Barcelona<\/a>erbjuder en myriad av aktiviteter och upplevelser. Oavsett om det \u00e4r flamenco i Sevilla eller de lugna str\u00e4nderna i <a href=\"https:\/\/spainluxuryholidays.com\/sv\/destinationer\/lyxsemester-tenerife\/\">Teneriffa<\/a>, <strong>Spanien utlovar en lyxig upplevelse<\/strong> som \u00e4r m\u00e5ngsidig och o\u00f6vertr\u00e4ffad.<\/p>\n\n\n\n<p>Efter att ha markerat v\u00e5r n\u00e4rvaro i flera europeiska l\u00e4nder var det en naturlig utveckling att expandera till Spanien. Det gjorde det m\u00f6jligt f\u00f6r oss att introducera \u00e4nnu fler resen\u00e4rer till <strong>\u00f6verfl\u00f6d och charm som lyxresor erbjuder<\/strong>H\u00e4r finns allt f\u00f6r b\u00e5de den stillsamma resen\u00e4ren och den som s\u00f6ker \u00e4ventyr.<\/p>\n\n\n\n<figure class=\"wp-block-image size-large\"><img decoding=\"async\" src=\"https:\/\/spainluxuryholidays.com\/wp-content\/uploads\/slice-of-jamon-683x1024.webp\" alt=\"Skiva jamon iberico\" class=\"wp-image-789\"\/><figcaption class=\"wp-element-caption\">Spanien \u00e4r ett paradis f\u00f6r finsmakare<\/figcaption><\/figure>\n\n\n\n<h2 class=\"wp-block-heading\">V\u00e5rt engagerade team<\/h2>\n\n\n\n<p>I hj\u00e4rtat av Luxury Holidays Spain finns v\u00e5rt team - en grupp entusiastiska individer som \u00e4r mer \u00e4n bara reseplanerare; vi \u00e4r <strong>h\u00e4ngivna entusiaster av lyxsemestrar<\/strong>. V\u00e5ra samlade erfarenheter \u00f6ver hela v\u00e4rlden har gett oss en passion, en drivkraft att se till att alla resen\u00e4rer upplever samma gl\u00e4dje, samma v\u00f6rdnad som vi g\u00f6r p\u00e5 v\u00e5ra resor. V\u00e5rt fr\u00e4msta uppdrag? Att <strong>hj\u00e4lper dig att f\u00f6rdjupa dig i sk\u00f6nheten<\/strong>H\u00e4r kan du njuta av den lyx och sp\u00e4nning som Spanien har att erbjuda.<\/p>\n\n\n\n<p>Hur s\u00e4kerst\u00e4ller vi detta? Genom att noggrant ta hand om varje detalj. Fr\u00e5n att boka de mest uts\u00f6kta boendena till att utforma detaljerade resplaner och tillhandah\u00e5lla GPS-rutter - vi har koll p\u00e5 allt. Och med v\u00e5r <strong>Support dygnet runt<\/strong>\u00e4r du aldrig ensam p\u00e5 din resa. Varje fr\u00e5ga och varje behov besvaras omedelbart, vilket garanterar <strong>en s\u00f6ml\u00f6s och lyxig reseupplevelse.<\/strong><\/p>\n\n\n\n<figure class=\"wp-block-image size-large\"><img decoding=\"async\" src=\"https:\/\/spainluxuryholidays.com\/wp-content\/uploads\/montserrat-barcelona-1024x683.webp\" alt=\"Vy \u00f6ver klostret Montserrat i naturparken Monserrat i Katalonien, Spanien\" class=\"wp-image-805\"\/><figcaption class=\"wp-element-caption\">Upplev Montserrats andliga lockelse<\/figcaption><\/figure>\n\n\n\n<h2 class=\"wp-block-heading\">Ge dig ut p\u00e5 en lyxig resa<\/h2>\n\n\n\n<p>Spanien, med sin myriad av upplevelser, v\u00e4ntar p\u00e5 dig. Varje stad, varje strand, varje bergsstig har en historia, en lyxupplevelse som v\u00e4ntar p\u00e5 att bli avsl\u00f6jad. P\u00e5 Luxury Holidays Spain har vi sammanst\u00e4llt en rad resor som lovar <strong>en resa genomsyrad av \u00f6verfl\u00f6d och \u00e4ventyr<\/strong>.<\/p>\n\n\n\n<p>S\u00e5 varf\u00f6r v\u00e4nta? Dyk ner i <a href=\"https:\/\/spainluxuryholidays.com\/sv\/turer\/\">v\u00e5r samling av lyxresor<\/a> och l\u00e5t Spanien f\u00f6rtrolla er. L\u00e5t oss guida dig genom dess landskap, dess ber\u00e4ttelser och dess lyx. Med oss \u00e4r varje resa en upplevelse, ett minne, en lyx. F\u00f6lj med oss och l\u00e5t oss skapa minnen tillsammans.<\/p>\n\n\n\n<p>Om du vill veta mer kan du bes\u00f6ka v\u00e5ra partners sidor i andra l\u00e4nder:<\/p>\n\n\n\n<ul class=\"wp-block-list\">\n<li><a href=\"https:\/\/slovenialuxuryholidays.com\/\">Lyxsemester i Slovenien<\/a><\/li>\n\n\n\n<li><a href=\"https:\/\/luxuryholidaysitaly.com\/\">Lyxsemester Italien<\/a><\/li>\n\n\n\n<li><a href=\"https:\/\/luxuryholidayscrete.com\/\">Lyxig semester p\u00e5 Kreta<\/a><\/li>\n\n\n\n<li><a href=\"https:\/\/luxury-holidays-croatia.com\/\">Lyxsemester Kroatien<\/a><\/li>\n\n\n\n<li><a href=\"https:\/\/luxury-holidays-greece.com\/\">Lyxsemester Grekland<\/a><\/li>\n\n\n\n<li><a href=\"https:\/\/luxuryholidaysfrance.com\/\">Lyxsemester Frankrike<\/a><\/li>\n<\/ul>","protected":false},"excerpt":{"rendered":"<p>Det \u00e4r med stor gl\u00e4dje jag kan ber\u00e4tta att vi \u00e4r ett av de snabbast v\u00e4xande f\u00f6retagen inom lyxresor i Europa. V\u00e5r resa, som har drivits av passion och engagemang, har varit inget annat \u00e4n enast\u00e5ende. Spanien, med sin rika blandning av landskap och kulturer, har alltid haft en speciell plats i v\u00e5ra hj\u00e4rtan. Varje region, fr\u00e5n de solkyssta... <a href=\"https:\/\/spainluxuryholidays.com\/sv\/about-us\/\">Forts\u00e4ttning<\/a><\/p>","protected":false},"author":37,"featured_media":924,"parent":0,"menu_order":0,"comment_status":"closed","ping_status":"closed","template":"","meta":{"footnotes":""},"class_list":["post-39","page","type-page","status-publish","has-post-thumbnail","hentry"],"acf":{"page_subheading":"Experience Spain's opulence with one of the leading luxury holiday companies and dive into curated tours and unparalleled luxury adventures."},"_links":{"self":[{"href":"https:\/\/spainluxuryholidays.com\/sv\/wp-json\/wp\/v2\/pages\/39","targetHints":{"allow":["GET"]}}],"collection":[{"href":"https:\/\/spainluxuryholidays.com\/sv\/wp-json\/wp\/v2\/pages"}],"about":[{"href":"https:\/\/spainluxuryholidays.com\/sv\/wp-json\/wp\/v2\/types\/page"}],"author":[{"embeddable":true,"href":"https:\/\/spainluxuryholidays.com\/sv\/wp-json\/wp\/v2\/users\/37"}],"replies":[{"embeddable":true,"href":"https:\/\/spainluxuryholidays.com\/sv\/wp-json\/wp\/v2\/comments?post=39"}],"version-history":[{"count":9,"href":"https:\/\/spainluxuryholidays.com\/sv\/wp-json\/wp\/v2\/pages\/39\/revisions"}],"predecessor-version":[{"id":5875,"href":"https:\/\/spainluxuryholidays.com\/sv\/wp-json\/wp\/v2\/pages\/39\/revisions\/5875"}],"wp:featuredmedia":[{"embeddable":true,"href":"https:\/\/spainluxuryholidays.com\/sv\/wp-json\/wp\/v2\/media\/924"}],"wp:attachment":[{"href":"https:\/\/spainluxuryholidays.com\/sv\/wp-json\/wp\/v2\/media?parent=39"}],"curies":[{"name":"wp","href":"https:\/\/api.w.org\/{rel}","templated":true}]}}